{"id":29283,"date":"2022-05-27T16:39:00","date_gmt":"2022-05-27T09:39:00","guid":{"rendered":"https:\/\/lambrettascooters.com\/contact\/"},"modified":"2025-09-25T11:00:37","modified_gmt":"2025-09-25T04:00:37","slug":"contact","status":"publish","type":"page","link":"https:\/\/lambrettascooters.com\/pl\/contact\/","title":{"rendered":"Contact us"},"content":{"rendered":"\t\t<div data-elementor-type=\"wp-page\" data-elementor-id=\"29283\" class=\"elementor elementor-29283 elementor-513\" data-elementor-post-type=\"page\">\n\t\t\t\t\t\t<section class=\"elementor-section elementor-top-section elementor-element elementor-element-1fcdb12d elementor-section-height-min-height elementor-section-content-middle elementor-section-boxed elementor-section-height-default elementor-section-items-middle\" data-id=\"1fcdb12d\" data-element_type=\"section\" data-e-type=\"section\" data-settings=\"{&quot;background_background&quot;:&quot;classic&quot;}\">\n\t\t\t\t\t\t\t<div class=\"elementor-background-overlay\"><\/div>\n\t\t\t\t\t\t\t<div class=\"elementor-container elementor-column-gap-default\">\n\t\t\t\t\t<div class=\"elementor-column elementor-col-100 elementor-top-column elementor-element elementor-element-9348619\" data-id=\"9348619\" data-element_type=\"column\" data-e-type=\"column\">\n\t\t\t<div class=\"elementor-widget-wrap\">\n\t\t\t\t\t\t\t<\/div>\n\t\t<\/div>\n\t\t\t\t\t<\/div>\n\t\t<\/section>\n\t\t\t\t<section class=\"elementor-section elementor-top-section elementor-element elementor-element-ffee12a elementor-section-content-middle elementor-section-boxed elementor-section-height-default elementor-section-height-default\" data-id=\"ffee12a\" data-element_type=\"section\" data-e-type=\"section\">\n\t\t\t\t\t\t<div class=\"elementor-container elementor-column-gap-default\">\n\t\t\t\t\t<div class=\"elementor-column elementor-col-100 elementor-top-column elementor-element elementor-element-3c1df51\" data-id=\"3c1df51\" data-element_type=\"column\" data-e-type=\"column\">\n\t\t\t<div class=\"elementor-widget-wrap elementor-element-populated\">\n\t\t\t\t\t\t<div class=\"elementor-element elementor-element-79f814c elementor-widget elementor-widget-heading\" data-id=\"79f814c\" data-element_type=\"widget\" data-e-type=\"widget\" data-widget_type=\"heading.default\">\n\t\t\t\t<div class=\"elementor-widget-container\">\n\t\t\t\t\t<h2 class=\"elementor-heading-title elementor-size-default\"> KONTAKT Z NAMI<\/h2>\t\t\t\t<\/div>\n\t\t\t\t<\/div>\n\t\t\t\t<div class=\"elementor-element elementor-element-867152f elementor-widget elementor-widget-heading\" data-id=\"867152f\" data-element_type=\"widget\" data-e-type=\"widget\" data-widget_type=\"heading.default\">\n\t\t\t\t<div class=\"elementor-widget-container\">\n\t\t\t\t\t<h2 class=\"elementor-heading-title elementor-size-default\">Pola oznaczone<span style=\"color:red\">*<\/span> s\u0105 wymagane.<\/h2>\t\t\t\t<\/div>\n\t\t\t\t<\/div>\n\t\t\t\t<div class=\"elementor-element elementor-element-a336ffd elementor-widget elementor-widget-heading\" data-id=\"a336ffd\" data-element_type=\"widget\" data-e-type=\"widget\" data-widget_type=\"heading.default\">\n\t\t\t\t<div class=\"elementor-widget-container\">\n\t\t\t\t\t<h2 class=\"elementor-heading-title elementor-size-default\">Chc\u0119 skontaktowa\u0107 si\u0119 z firm\u0105 Lambretta, poniewa\u017c...<\/h2>\t\t\t\t<\/div>\n\t\t\t\t<\/div>\n\t\t\t\t<div class=\"elementor-element elementor-element-a33148c elementor-button-align-stretch elementor-widget elementor-widget-form\" data-id=\"a33148c\" data-element_type=\"widget\" data-e-type=\"widget\" data-settings=\"{&quot;step_type&quot;:&quot;none&quot;,&quot;button_width&quot;:&quot;100&quot;,&quot;step_icon_shape&quot;:&quot;circle&quot;}\" data-widget_type=\"form.default\">\n\t\t\t\t<div class=\"elementor-widget-container\">\n\t\t\t\t\t\t\t<form class=\"elementor-form\" method=\"post\" name=\"New Form\" aria-label=\"New Form\">\n\t\t\t<input type=\"hidden\" name=\"post_id\" value=\"29283\"\/>\n\t\t\t<input type=\"hidden\" name=\"form_id\" value=\"a33148c\"\/>\n\t\t\t<input type=\"hidden\" name=\"referer_title\" value=\"Contact us - Lambretta Scooters\" \/>\n\n\t\t\t\t\t\t\t<input type=\"hidden\" name=\"queried_id\" value=\"29283\"\/>\n\t\t\t\n\t\t\t<div class=\"elementor-form-fields-wrapper elementor-labels-above\">\n\t\t\t\t\t\t\t\t<div class=\"elementor-field-type-select elementor-field-group elementor-column elementor-field-group-field_2ad39e7 elementor-col-100 elementor-field-required elementor-mark-required\">\n\t\t\t\t\t\t\t\t\t\t\t\t<label for=\"form-field-field_2ad39e7\" class=\"elementor-field-label\">\n\t\t\t\t\t\t\t\tProsz\u0119 wybra\u0107\t\t\t\t\t\t\t<\/label>\n\t\t\t\t\t\t\t\t<div class=\"elementor-field elementor-select-wrapper remove-before \">\n\t\t\t<div class=\"select-caret-down-wrapper\">\n\t\t\t\t<i aria-hidden=\"true\" class=\"eicon-caret-down\"><\/i>\t\t\t<\/div>\n\t\t\t<select name=\"form_fields[field_2ad39e7]\" id=\"form-field-field_2ad39e7\" class=\"elementor-field-textual elementor-size-sm\" required=\"required\">\n\t\t\t\t\t\t\t\t\t<option value=\"Um\u00f3w si\u0119 na jazd\u0119 pr\u00f3bn\u0105!\">Um\u00f3w si\u0119 na jazd\u0119 pr\u00f3bn\u0105!<\/option>\n\t\t\t\t\t\t\t\t\t<option value=\"Mam zapytanie og\u00f3lne\">Mam zapytanie og\u00f3lne<\/option>\n\t\t\t\t\t\t\t\t\t<option value=\"Chc\u0119 zosta\u0107 dealerem\">Chc\u0119 zosta\u0107 dealerem<\/option>\n\t\t\t\t\t\t\t\t\t<option value=\"Pracuj\u0119 w mediach\/prasie i chc\u0119 zrecenzowa\u0107 motocykl Lambretta\">Pracuj\u0119 w mediach\/prasie i chc\u0119 zrecenzowa\u0107 motocykl Lambretta<\/option>\n\t\t\t\t\t\t\t<\/select>\n\t\t<\/div>\n\t\t\t\t\t\t<\/div>\n\t\t\t\t\t\t\t\t<div class=\"elementor-field-type-text elementor-field-group elementor-column elementor-field-group-name elementor-col-100 elementor-field-required elementor-mark-required\">\n\t\t\t\t\t\t\t\t\t\t\t\t<label for=\"form-field-name\" class=\"elementor-field-label\">\n\t\t\t\t\t\t\t\tImi\u0119\t\t\t\t\t\t\t<\/label>\n\t\t\t\t\t\t\t\t\t\t\t\t\t\t<input size=\"1\" type=\"text\" name=\"form_fields[name]\" id=\"form-field-name\" class=\"elementor-field elementor-size-sm  elementor-field-textual\" placeholder=\"Twoje imi\u0119\" required=\"required\">\n\t\t\t\t\t\t\t\t\t\t\t<\/div>\n\t\t\t\t\t\t\t\t<div class=\"elementor-field-type-email elementor-field-group elementor-column elementor-field-group-email elementor-col-100 elementor-field-required elementor-mark-required\">\n\t\t\t\t\t\t\t\t\t\t\t\t<label for=\"form-field-email\" class=\"elementor-field-label\">\n\t\t\t\t\t\t\t\tEmail\t\t\t\t\t\t\t<\/label>\n\t\t\t\t\t\t\t\t\t\t\t\t\t\t<input size=\"1\" type=\"email\" name=\"form_fields[email]\" id=\"form-field-email\" class=\"elementor-field elementor-size-sm  elementor-field-textual\" placeholder=\"Tw\u00f3j adres e-mail\" required=\"required\">\n\t\t\t\t\t\t\t\t\t\t\t<\/div>\n\t\t\t\t\t\t\t\t<div class=\"elementor-field-type-textarea elementor-field-group elementor-column elementor-field-group-message elementor-col-100 elementor-field-required elementor-mark-required\">\n\t\t\t\t\t\t\t\t\t\t\t\t<label for=\"form-field-message\" class=\"elementor-field-label\">\n\t\t\t\t\t\t\t\tWiadomo\u015b\u0107\t\t\t\t\t\t\t<\/label>\n\t\t\t\t\t\t<textarea class=\"elementor-field-textual elementor-field  elementor-size-sm\" name=\"form_fields[message]\" id=\"form-field-message\" rows=\"4\" placeholder=\"[Twoja wiadomo\u015b\u0107\" required=\"required\"><\/textarea>\t\t\t\t<\/div>\n\t\t\t\t\t\t\t\t<div class=\"elementor-field-type-acceptance elementor-field-group elementor-column elementor-field-group-field_d5c4186 elementor-col-100 elementor-field-required elementor-mark-required\">\n\t\t\t\t\t\t\t<div class=\"elementor-field-subgroup\">\n\t\t\t<span class=\"elementor-field-option\">\n\t\t\t\t<input type=\"checkbox\" name=\"form_fields[field_d5c4186]\" id=\"form-field-field_d5c4186\" class=\"elementor-field elementor-size-sm  elementor-acceptance-field\" required=\"required\">\n\t\t\t\t<label for=\"form-field-field_d5c4186\">Wyra\u017cam zgod\u0119 na przetwarzanie podanych przeze mnie danych osobowych przez firm\u0119 Lambretta w celu nawi\u0105zania kontaktu w zwi\u0105zku z moim zapytaniem. Rozumiem, \u017ce mog\u0119 odwo\u0142a\u0107 t\u0119 zgod\u0119 w formie pisemnej (e-mail, list, faks) w dowolnym momencie.<\/label>\t\t\t<\/span>\n\t\t<\/div>\n\t\t\t\t\t\t<\/div>\n\t\t\t\t\t\t\t\t<div class=\"elementor-field-type-recaptcha elementor-field-group elementor-column elementor-field-group-field_7446cee elementor-col-100\">\n\t\t\t\t\t<div class=\"elementor-field\" id=\"form-field-field_7446cee\"><div class=\"elementor-g-recaptcha\" data-sitekey=\"6LdZ5pggAAAAAHEq_0oz8sF0bAwOUiUhlDvHurw-\" data-type=\"v2_checkbox\" data-theme=\"light\" data-size=\"normal\"><\/div><\/div>\t\t\t\t<\/div>\n\t\t\t\t\t\t\t\t<div class=\"elementor-field-group elementor-column elementor-field-type-submit elementor-col-100 e-form__buttons\">\n\t\t\t\t\t<button class=\"elementor-button elementor-size-sm\" type=\"submit\">\n\t\t\t\t\t\t<span class=\"elementor-button-content-wrapper\">\n\t\t\t\t\t\t\t\t\t\t\t\t\t\t\t\t\t\t\t\t\t\t<span class=\"elementor-button-text\">Submit<\/span>\n\t\t\t\t\t\t\t\t\t\t\t\t\t<\/span>\n\t\t\t\t\t<\/button>\n\t\t\t\t<\/div>\n\t\t\t<\/div>\n\t\t<\/form>\n\t\t\t\t\t\t<\/div>\n\t\t\t\t<\/div>\n\t\t\t\t\t<\/div>\n\t\t<\/div>\n\t\t\t\t\t<\/div>\n\t\t<\/section>\n\t\t\t\t<section class=\"elementor-section elementor-top-section elementor-element elementor-element-08167a1 elementor-section-full_width elementor-section-height-default elementor-section-height-default\" data-id=\"08167a1\" data-element_type=\"section\" data-e-type=\"section\">\n\t\t\t\t\t\t<div class=\"elementor-container elementor-column-gap-default\">\n\t\t\t\t\t<div class=\"elementor-column elementor-col-100 elementor-top-column elementor-element elementor-element-ac32507\" data-id=\"ac32507\" data-element_type=\"column\" data-e-type=\"column\">\n\t\t\t<div class=\"elementor-widget-wrap elementor-element-populated\">\n\t\t\t\t\t\t<div class=\"elementor-element elementor-element-084e455 elementor-widget-divider--view-line elementor-widget elementor-widget-divider\" data-id=\"084e455\" data-element_type=\"widget\" data-e-type=\"widget\" data-widget_type=\"divider.default\">\n\t\t\t\t<div class=\"elementor-widget-container\">\n\t\t\t\t\t\t\t<div class=\"elementor-divider\">\n\t\t\t<span class=\"elementor-divider-separator\">\n\t\t\t\t\t\t<\/span>\n\t\t<\/div>\n\t\t\t\t\t\t<\/div>\n\t\t\t\t<\/div>\n\t\t\t\t\t<\/div>\n\t\t<\/div>\n\t\t\t\t\t<\/div>\n\t\t<\/section>\n\t\t\t\t<\/div>\n\t\t","protected":false},"excerpt":{"rendered":"<p>KONTAKT Z NAMI Pola oznaczone* s\u0105 wymagane. Chc\u0119 skontaktowa\u0107 si\u0119 z firm\u0105 Lambretta, poniewa\u017c&#8230;<\/p>\n","protected":false},"author":3,"featured_media":29258,"parent":0,"menu_order":0,"comment_status":"closed","ping_status":"closed","template":"elementor_header_footer","meta":{"footnotes":""},"class_list":["post-29283","page","type-page","status-publish","has-post-thumbnail","hentry"],"yoast_head":"<!-- This site is optimized with the Yoast SEO plugin v27.5 - https:\/\/yoast.com\/product\/yoast-seo-wordpress\/ -->\n<title>Contact us - Lambretta Scooters<\/title>\n<meta name=\"robots\" content=\"index, follow, max-snippet:-1, max-image-preview:large, max-video-preview:-1\" \/>\n<link rel=\"canonical\" href=\"https:\/\/lambrettascooters.com\/pl\/contact\/\" \/>\n<meta property=\"og:locale\" content=\"pl_PL\" \/>\n<meta property=\"og:type\" content=\"article\" \/>\n<meta property=\"og:title\" content=\"Contact us - Lambretta Scooters\" \/>\n<meta property=\"og:description\" content=\"KONTAKT Z NAMI Pola oznaczone* s\u0105 wymagane. Chc\u0119 skontaktowa\u0107 si\u0119 z firm\u0105 Lambretta, poniewa\u017c&#8230;\" \/>\n<meta property=\"og:url\" content=\"https:\/\/lambrettascooters.com\/pl\/contact\/\" \/>\n<meta property=\"og:site_name\" content=\"Lambretta Scooters\" \/>\n<meta property=\"article:modified_time\" content=\"2025-09-25T04:00:37+00:00\" \/>\n<meta property=\"og:image\" content=\"https:\/\/lambrettascooters.com\/wp-content\/uploads\/2023\/10\/X300-series-banner.jpg\" \/>\n\t<meta property=\"og:image:width\" content=\"3582\" \/>\n\t<meta property=\"og:image:height\" content=\"1500\" \/>\n\t<meta property=\"og:image:type\" content=\"image\/jpeg\" \/>\n<meta name=\"twitter:card\" content=\"summary_large_image\" \/>\n<meta name=\"twitter:label1\" content=\"Szacowany czas czytania\" \/>\n\t<meta name=\"twitter:data1\" content=\"1 minuta\" \/>\n<script type=\"application\/ld+json\" class=\"yoast-schema-graph\">{\"@context\":\"https:\\\/\\\/schema.org\",\"@graph\":[{\"@type\":\"WebPage\",\"@id\":\"https:\\\/\\\/lambrettascooters.com\\\/pl\\\/contact\\\/\",\"url\":\"https:\\\/\\\/lambrettascooters.com\\\/pl\\\/contact\\\/\",\"name\":\"Contact us - Lambretta Scooters\",\"isPartOf\":{\"@id\":\"https:\\\/\\\/www.lambrettascooters.com\\\/#website\"},\"primaryImageOfPage\":{\"@id\":\"https:\\\/\\\/lambrettascooters.com\\\/pl\\\/contact\\\/#primaryimage\"},\"image\":{\"@id\":\"https:\\\/\\\/lambrettascooters.com\\\/pl\\\/contact\\\/#primaryimage\"},\"thumbnailUrl\":\"https:\\\/\\\/lambrettascooters.com\\\/wp-content\\\/uploads\\\/2023\\\/10\\\/X300-series-banner.jpg\",\"datePublished\":\"2022-05-27T09:39:00+00:00\",\"dateModified\":\"2025-09-25T04:00:37+00:00\",\"breadcrumb\":{\"@id\":\"https:\\\/\\\/lambrettascooters.com\\\/pl\\\/contact\\\/#breadcrumb\"},\"inLanguage\":\"pl-PL\",\"potentialAction\":[{\"@type\":\"ReadAction\",\"target\":[\"https:\\\/\\\/lambrettascooters.com\\\/pl\\\/contact\\\/\"]}]},{\"@type\":\"ImageObject\",\"inLanguage\":\"pl-PL\",\"@id\":\"https:\\\/\\\/lambrettascooters.com\\\/pl\\\/contact\\\/#primaryimage\",\"url\":\"https:\\\/\\\/lambrettascooters.com\\\/wp-content\\\/uploads\\\/2023\\\/10\\\/X300-series-banner.jpg\",\"contentUrl\":\"https:\\\/\\\/lambrettascooters.com\\\/wp-content\\\/uploads\\\/2023\\\/10\\\/X300-series-banner.jpg\",\"width\":3582,\"height\":1500},{\"@type\":\"BreadcrumbList\",\"@id\":\"https:\\\/\\\/lambrettascooters.com\\\/pl\\\/contact\\\/#breadcrumb\",\"itemListElement\":[{\"@type\":\"ListItem\",\"position\":1,\"name\":\"Home\",\"item\":\"https:\\\/\\\/lambrettascooters.com\\\/pl\\\/\"},{\"@type\":\"ListItem\",\"position\":2,\"name\":\"Contact us\"}]},{\"@type\":\"WebSite\",\"@id\":\"https:\\\/\\\/www.lambrettascooters.com\\\/#website\",\"url\":\"https:\\\/\\\/www.lambrettascooters.com\\\/\",\"name\":\"Lambrettascooters.com\",\"description\":\"Lambretta\",\"publisher\":{\"@id\":\"https:\\\/\\\/www.lambrettascooters.com\\\/#organization\"},\"potentialAction\":[{\"@type\":\"SearchAction\",\"target\":{\"@type\":\"EntryPoint\",\"urlTemplate\":\"https:\\\/\\\/www.lambrettascooters.com\\\/?s={search_term_string}\"},\"query-input\":{\"@type\":\"PropertyValueSpecification\",\"valueRequired\":true,\"valueName\":\"search_term_string\"}}],\"inLanguage\":\"pl-PL\"},{\"@type\":\"Organization\",\"@id\":\"https:\\\/\\\/www.lambrettascooters.com\\\/#organization\",\"name\":\"Lambrettascooters.com\",\"url\":\"https:\\\/\\\/www.lambrettascooters.com\\\/\",\"logo\":{\"@type\":\"ImageObject\",\"inLanguage\":\"pl-PL\",\"@id\":\"https:\\\/\\\/www.lambrettascooters.com\\\/#\\\/schema\\\/logo\\\/image\\\/\",\"url\":\"https:\\\/\\\/lambrettascooters.com\\\/wp-content\\\/uploads\\\/2020\\\/03\\\/logo-lambretta.png\",\"contentUrl\":\"https:\\\/\\\/lambrettascooters.com\\\/wp-content\\\/uploads\\\/2020\\\/03\\\/logo-lambretta.png\",\"width\":350,\"height\":74,\"caption\":\"Lambrettascooters.com\"},\"image\":{\"@id\":\"https:\\\/\\\/www.lambrettascooters.com\\\/#\\\/schema\\\/logo\\\/image\\\/\"}}]}<\/script>\n<!-- \/ Yoast SEO plugin. -->","yoast_head_json":{"title":"Contact us - Lambretta Scooters","robots":{"index":"index","follow":"follow","max-snippet":"max-snippet:-1","max-image-preview":"max-image-preview:large","max-video-preview":"max-video-preview:-1"},"canonical":"https:\/\/lambrettascooters.com\/pl\/contact\/","og_locale":"pl_PL","og_type":"article","og_title":"Contact us - Lambretta Scooters","og_description":"KONTAKT Z NAMI Pola oznaczone* s\u0105 wymagane. Chc\u0119 skontaktowa\u0107 si\u0119 z firm\u0105 Lambretta, poniewa\u017c&#8230;","og_url":"https:\/\/lambrettascooters.com\/pl\/contact\/","og_site_name":"Lambretta Scooters","article_modified_time":"2025-09-25T04:00:37+00:00","og_image":[{"width":3582,"height":1500,"url":"https:\/\/lambrettascooters.com\/wp-content\/uploads\/2023\/10\/X300-series-banner.jpg","type":"image\/jpeg"}],"twitter_card":"summary_large_image","twitter_misc":{"Szacowany czas czytania":"1 minuta"},"schema":{"@context":"https:\/\/schema.org","@graph":[{"@type":"WebPage","@id":"https:\/\/lambrettascooters.com\/pl\/contact\/","url":"https:\/\/lambrettascooters.com\/pl\/contact\/","name":"Contact us - Lambretta Scooters","isPartOf":{"@id":"https:\/\/www.lambrettascooters.com\/#website"},"primaryImageOfPage":{"@id":"https:\/\/lambrettascooters.com\/pl\/contact\/#primaryimage"},"image":{"@id":"https:\/\/lambrettascooters.com\/pl\/contact\/#primaryimage"},"thumbnailUrl":"https:\/\/lambrettascooters.com\/wp-content\/uploads\/2023\/10\/X300-series-banner.jpg","datePublished":"2022-05-27T09:39:00+00:00","dateModified":"2025-09-25T04:00:37+00:00","breadcrumb":{"@id":"https:\/\/lambrettascooters.com\/pl\/contact\/#breadcrumb"},"inLanguage":"pl-PL","potentialAction":[{"@type":"ReadAction","target":["https:\/\/lambrettascooters.com\/pl\/contact\/"]}]},{"@type":"ImageObject","inLanguage":"pl-PL","@id":"https:\/\/lambrettascooters.com\/pl\/contact\/#primaryimage","url":"https:\/\/lambrettascooters.com\/wp-content\/uploads\/2023\/10\/X300-series-banner.jpg","contentUrl":"https:\/\/lambrettascooters.com\/wp-content\/uploads\/2023\/10\/X300-series-banner.jpg","width":3582,"height":1500},{"@type":"BreadcrumbList","@id":"https:\/\/lambrettascooters.com\/pl\/contact\/#breadcrumb","itemListElement":[{"@type":"ListItem","position":1,"name":"Home","item":"https:\/\/lambrettascooters.com\/pl\/"},{"@type":"ListItem","position":2,"name":"Contact us"}]},{"@type":"WebSite","@id":"https:\/\/www.lambrettascooters.com\/#website","url":"https:\/\/www.lambrettascooters.com\/","name":"Lambrettascooters.com","description":"Lambretta","publisher":{"@id":"https:\/\/www.lambrettascooters.com\/#organization"},"potentialAction":[{"@type":"SearchAction","target":{"@type":"EntryPoint","urlTemplate":"https:\/\/www.lambrettascooters.com\/?s={search_term_string}"},"query-input":{"@type":"PropertyValueSpecification","valueRequired":true,"valueName":"search_term_string"}}],"inLanguage":"pl-PL"},{"@type":"Organization","@id":"https:\/\/www.lambrettascooters.com\/#organization","name":"Lambrettascooters.com","url":"https:\/\/www.lambrettascooters.com\/","logo":{"@type":"ImageObject","inLanguage":"pl-PL","@id":"https:\/\/www.lambrettascooters.com\/#\/schema\/logo\/image\/","url":"https:\/\/lambrettascooters.com\/wp-content\/uploads\/2020\/03\/logo-lambretta.png","contentUrl":"https:\/\/lambrettascooters.com\/wp-content\/uploads\/2020\/03\/logo-lambretta.png","width":350,"height":74,"caption":"Lambrettascooters.com"},"image":{"@id":"https:\/\/www.lambrettascooters.com\/#\/schema\/logo\/image\/"}}]}},"_links":{"self":[{"href":"https:\/\/lambrettascooters.com\/pl\/wp-json\/wp\/v2\/pages\/29283","targetHints":{"allow":["GET"]}}],"collection":[{"href":"https:\/\/lambrettascooters.com\/pl\/wp-json\/wp\/v2\/pages"}],"about":[{"href":"https:\/\/lambrettascooters.com\/pl\/wp-json\/wp\/v2\/types\/page"}],"author":[{"embeddable":true,"href":"https:\/\/lambrettascooters.com\/pl\/wp-json\/wp\/v2\/users\/3"}],"replies":[{"embeddable":true,"href":"https:\/\/lambrettascooters.com\/pl\/wp-json\/wp\/v2\/comments?post=29283"}],"version-history":[{"count":15,"href":"https:\/\/lambrettascooters.com\/pl\/wp-json\/wp\/v2\/pages\/29283\/revisions"}],"predecessor-version":[{"id":33606,"href":"https:\/\/lambrettascooters.com\/pl\/wp-json\/wp\/v2\/pages\/29283\/revisions\/33606"}],"wp:featuredmedia":[{"embeddable":true,"href":"https:\/\/lambrettascooters.com\/pl\/wp-json\/wp\/v2\/media\/29258"}],"wp:attachment":[{"href":"https:\/\/lambrettascooters.com\/pl\/wp-json\/wp\/v2\/media?parent=29283"}],"curies":[{"name":"wp","href":"https:\/\/api.w.org\/{rel}","templated":true}]}}